{"id":115,"date":"2024-05-29T14:40:51","date_gmt":"2024-05-29T14:40:51","guid":{"rendered":"https:\/\/vkshop.cc.shopshastra.com\/product\/europe-36-country-esim\/"},"modified":"2024-05-29T17:27:12","modified_gmt":"2024-05-29T17:27:12","slug":"europe-36-country-esim","status":"publish","type":"product","link":"https:\/\/vkshop.cc.shopshastra.com\/fr\/produit\/europe-36-country-esim\/","title":{"rendered":"Europe+ 36 Country eSIM"},"content":{"rendered":"<ul class=big>\n<li>Data-only eSIM with no phone number\n<li>QR code sent by email\n<li>Requires esim capable phones such as iPhone 12+ or Android 2021+\n<li>eSIM only works in Europe+ <\/ul>\n<ul><\/ul>\n<div data-post-id=\"961\" class=\"insert-page insert-page-961 \">\n<h4 class=\"wp-block-heading\">Service d&rsquo;assistance<\/h4>\n\n<p>Les agents du service client\u00e8le de TSIM sont joignables via :<br\/> E-mail : services@tsim.mobi <br\/> InstaChat : <a href=\"\/chat\/\">https:\/\/www.tsim.mobi\/chat<\/a><br\/> T\u00e9l\u00e9phone : +1 646 918 1335 \/ +44 203 773 2460.<\/p>\n<\/div>\n<div class=usa-esim-nodisplay><div data-post-id=\"958\" class=\"insert-page insert-page-958 \">\n<h4 class=\"wp-block-heading\" id=\"esim\">Qu&rsquo;est-ce qu&rsquo;une eSIM ?<\/h4>\n\n<p>eSIM signifie SIM \u00ab int\u00e9gr\u00e9e \u00bb qui s&rsquo;installe dans votre t\u00e9l\u00e9phone en scannant un code QR ou en appuyant sur une notification. C&rsquo;est un moyen simple d&rsquo;utiliser un nouveau service t\u00e9l\u00e9phonique \/ de donn\u00e9es lors de vos voyages \u00e0 l&rsquo;\u00e9tranger. <\/p>\n\n<h4 class=\"wp-block-heading\">Avantages de l&rsquo;eSIM<\/h4>\n\n<ul class=\"wp-block-list\">\n<li><strong>Facile \u00e0 utiliser<\/strong> : Configurez votre forfait en scannant un simple code QR ou en appuyant sur une notification.<\/li>\n\n\n\n<li><strong>\u00c9conomisez sur les frais d&rsquo;envoi<\/strong> : Aucune livraison physique n\u00e9cessaire<\/li>\n\n\n\n<li><strong>Gagnez du temps<\/strong> : Vous devez partir en voyage rapidement ? Nous vous enverrons le code QR de l&rsquo;eSIM par e-mail. Scannez-le selon les instructions et elle sera pr\u00eate \u00e0 l&#8217;emploi d\u00e8s votre arriv\u00e9e.<\/li>\n\n\n\n<li><strong>Gardez votre SIM d&rsquo;origine<\/strong> : L&rsquo;eSIM s&rsquo;ajoute \u00e0 votre SIM d&rsquo;origine qui fonctionnera normalement si vous en avez besoin.<\/li>\n<\/ul>\n\n<h4 class=\"wp-block-heading\">Inconv\u00e9nients de l&rsquo;eSIM<\/h4>\n\n<ul class=\"wp-block-list\">\n<li><strong>Peu famili\u00e8re<\/strong> : S&rsquo;agissant d&rsquo;une nouvelle technologie, attendez-vous \u00e0 devoir apprendre un peu.<\/li>\n\n\n\n<li><strong>T\u00e9l\u00e9phones compatibles eSIM<\/strong> : L&rsquo;eSIM ne fonctionnera que sur les t\u00e9l\u00e9phones compatibles eSIM. En r\u00e8gle g\u00e9n\u00e9rale, l&rsquo;iPhone 11 et les mod\u00e8les Android 2021 et plus r\u00e9cents sont compatibles avec l&rsquo;eSIM.<\/li>\n\n\n\n<li><strong>Usage unique<\/strong> : La plupart des codes eSIM ne peuvent \u00eatre utilis\u00e9s qu&rsquo;une seule fois. Veuillez ne pas supprimer l&rsquo;eSIM cr\u00e9\u00e9e sur votre t\u00e9l\u00e9phone, car elle ne peut pas \u00eatre recr\u00e9\u00e9e sur votre t\u00e9l\u00e9phone ou sur un autre t\u00e9l\u00e9phone. Vous pouvez cependant d\u00e9sactiver l&rsquo;eSIM lorsque vous n&rsquo;en avez pas besoin depuis vos param\u00e8tres.<\/li>\n\n\n\n<li><strong>Transfert d&rsquo;eSIM<\/strong> : Pour transf\u00e9rer une eSIM d&rsquo;un t\u00e9l\u00e9phone \u00e0 un autre, vous devez vous rendre dans une boutique de l&rsquo;op\u00e9rateur concern\u00e9. Cependant, certaines eSIM am\u00e9ricaines peuvent \u00eatre transf\u00e9r\u00e9es d&rsquo;un iPhone \u00e0 un autre.<\/li>\n<\/ul>\n\n<h4 class=\"wp-block-heading\" id=\"QR-eSIM\">Activation de l&rsquo;eSIM sur votre appareil \u00e0 l&rsquo;aide d&rsquo;un code QR<\/h4>\n\n<p>La plupart des eSIM s&rsquo;installent \u00e0 l&rsquo;aide d&rsquo;un code QR. Le code QR vous est envoy\u00e9 par e-mail. Vous avez besoin d&rsquo;une connexion Internet pour installer une eSIM. <\/p>\n\n<h5 class=\"wp-block-heading\">iPhone XR, XS et plus r\u00e9cents<\/h5>\n\n<ol class=\"wp-block-list\">\n<li>Allez dans R\u00e9glages, puis Cellulaire.<\/li>\n\n\n\n<li>S\u00e9lectionnez Ajouter un forfait, et l&rsquo;application Appareil photo s&rsquo;ouvrira.<\/li>\n\n\n\n<li>Pointez votre appareil photo sur le code d&rsquo;activation QR jusqu&rsquo;\u00e0 ce que vous voyiez un message indiquant Installation du forfait cellulaire.<\/li>\n<\/ol>\n\n<h5 class=\"wp-block-heading\">Android 2021 et plus r\u00e9cents<\/h5>\n\n<ol class=\"wp-block-list\">\n<li>Allez dans Param\u00e8tres &gt; Connexions &gt; Gestionnaire de carte SIM<\/li>\n\n\n\n<li>Appuyez sur Ajouter un forfait mobile<\/li>\n\n\n\n<li>Appuyez sur Ajouter avec un code QR<\/li>\n\n\n\n<li>Scannez le code d&rsquo;activation QR<\/li>\n<\/ol>\n\n<div class=\"wp-block-group usa-esim is-layout-constrained wp-container-core-group-is-layout-72190d31 wp-block-group-is-layout-constrained\" style=\"margin-top:0;margin-bottom:0;padding-top:0;padding-right:0;padding-bottom:0;padding-left:0\">\n<h4 class=\"wp-block-heading\" id=\"OTA-eSIM\">Activation de l&rsquo;eSIM sur votre appareil \u00e0 l&rsquo;aide d&rsquo;une notification de l&rsquo;op\u00e9rateur<\/h4>\n\n\n\n<p>T-mobile, AT et certains autres op\u00e9rateurs simplifient encore plus l&rsquo;installation des eSIM. Ils envoient une notification directement sur votre t\u00e9l\u00e9phone \u00e0 la date d&rsquo;activation que vous choisissez. Il suffit d&rsquo;appuyer sur la notification et de suivre les instructions comme indiqu\u00e9 dans les images ci-dessous. La notification est envoy\u00e9e au t\u00e9l\u00e9phone que vous comptez utiliser pendant votre voyage, pour lequel vous nous avez fourni l&rsquo;EID et le num\u00e9ro IMEI en composant *#06#.<\/p>\n\n\n\n<figure class=\"wp-block-image alignleft is-resized\"><img decoding=\"async\" src=\"https:\/\/www.tsim.in\/wp-content\/uploads\/2024\/04\/IMG_5225-scaled.jpeg\" alt=\"\" class=\"wp-image-332251\" style=\"width:auto;height:640px\"\/><figcaption class=\"wp-element-caption\">*#06# pour l&rsquo;EID et l&rsquo;IMEI<\/figcaption><\/figure>\n\n\n\n<figure class=\"wp-block-image alignleft is-resized\"><img decoding=\"async\" src=\"https:\/\/www.tsim.in\/wp-content\/uploads\/2024\/04\/T-Mobile-eSIM-Notifications.jpeg\" alt=\"\" class=\"wp-image-332238\" style=\"width:auto;height:640px\"\/><figcaption class=\"wp-element-caption\">Notification de l&rsquo;op\u00e9rateur<\/figcaption><\/figure>\n\n\n\n<figure class=\"wp-block-image alignleft is-resized\"><img decoding=\"async\" src=\"https:\/\/www.tsim.in\/wp-content\/uploads\/2024\/04\/MissedNotificationSettings-scaled.jpeg\" alt=\"\" class=\"wp-image-332275\" style=\"width:auto;height:640px\"\/><figcaption class=\"wp-element-caption\">Notification dans les param\u00e8tres<\/figcaption><\/figure>\n\n\n\n<figure class=\"wp-block-image alignleft is-resized\"><img decoding=\"async\" src=\"https:\/\/www.tsim.in\/wp-content\/uploads\/2024\/04\/IMG_3494-scaled.jpeg\" alt=\"\" class=\"wp-image-332239\" style=\"width:auto;height:640px\"\/><figcaption class=\"wp-element-caption\">Demande d&rsquo;activation<\/figcaption><\/figure>\n\n\n\n<figure class=\"wp-block-image alignleft is-resized\"><img decoding=\"async\" src=\"https:\/\/www.tsim.in\/wp-content\/uploads\/2024\/04\/IMG_3527-scaled.jpeg\" alt=\"\" class=\"wp-image-332241\" style=\"width:auto;height:640px\"\/><figcaption class=\"wp-element-caption\">Activation de l&rsquo;eSIM<\/figcaption><\/figure>\n\n\n\n<figure class=\"wp-block-image alignleft is-resized\"><img decoding=\"async\" src=\"https:\/\/www.tsim.in\/wp-content\/uploads\/2024\/04\/eSIMInSettings-scaled.jpeg\" alt=\"\" class=\"wp-image-332277\" style=\"width:auto;height:640px\"\/><figcaption class=\"wp-element-caption\">eSIM dans les Param\u00e8tres<\/figcaption><\/figure>\n<\/div>\n<\/div><\/div>\n","protected":false},"excerpt":{"rendered":"<div class=sum>Buy a TSIM eSIM Europe+ and be connected while you travel. Get easy installation, low prices and excellent connectivity on touchdown.<\/div>\n<div class=coverage><b>Coverage: <\/b>Austria, Belgium, Bulgaria, Switzerland, Cyprus, Northern Cyprus, Czech Republic, Germany, Denmark, Estonia, Spain, Finland, France, United Kingdom, Greece, Croatia, Hungary, Canary Islands, Ireland, Iceland, Italy, Liechtenstein, Lithuania, Luxembourg, Latvia, Malta, Netherlands, Norway, Poland, Portugal, Romania, Sweden, Slovenia, Slovakia, Turkey, Holy See (Vatican City State)<\/div>\n","protected":false},"featured_media":114,"comment_status":"open","ping_status":"closed","template":"","meta":{"_uag_custom_page_level_css":"","site-sidebar-layout":"default","site-content-layout":"","ast-site-content-layout":"","site-content-style":"default","site-sidebar-style":"default","ast-global-header-display":"","ast-banner-title-visibility":"","ast-main-header-display":"","ast-hfb-above-header-display":"","ast-hfb-below-header-display":"","ast-hfb-mobile-header-display":"","site-post-title":"","ast-breadcrumbs-content":"","ast-featured-img":"","footer-sml-layout":"","theme-transparent-header-meta":"","adv-header-id-meta":"","stick-header-meta":"","header-above-stick-meta":"","header-main-stick-meta":"","header-below-stick-meta":"","astra-migrate-meta-layouts":"default","ast-page-background-enabled":"default","ast-page-background-meta":{"desktop":{"background-color":"var(--ast-global-color-4)","background-image":"","background-repeat":"repeat","background-position":"center center","background-size":"auto","background-attachment":"scroll","background-type":"","background-media":"","overlay-type":"","overlay-color":"","overlay-opacity":"","overlay-gradient":""},"tablet":{"background-color":"","background-image":"","background-repeat":"repeat","background-position":"center center","background-size":"auto","background-attachment":"scroll","background-type":"","background-media":"","overlay-type":"","overlay-color":"","overlay-opacity":"","overlay-gradient":""},"mobile":{"background-color":"","background-image":"","background-repeat":"repeat","background-position":"center center","background-size":"auto","background-attachment":"scroll","background-type":"","background-media":"","overlay-type":"","overlay-color":"","overlay-opacity":"","overlay-gradient":""}},"ast-content-background-meta":{"desktop":{"background-color":"var(--ast-global-color-5)","background-image":"","background-repeat":"repeat","background-position":"center center","background-size":"auto","background-attachment":"scroll","background-type":"","background-media":"","overlay-type":"","overlay-color":"","overlay-opacity":"","overlay-gradient":""},"tablet":{"background-color":"var(--ast-global-color-5)","background-image":"","background-repeat":"repeat","background-position":"center center","background-size":"auto","background-attachment":"scroll","background-type":"","background-media":"","overlay-type":"","overlay-color":"","overlay-opacity":"","overlay-gradient":""},"mobile":{"background-color":"var(--ast-global-color-5)","background-image":"","background-repeat":"repeat","background-position":"center center","background-size":"auto","background-attachment":"scroll","background-type":"","background-media":"","overlay-type":"","overlay-color":"","overlay-opacity":"","overlay-gradient":""}}},"product_brand":[],"product_cat":[20],"product_tag":[115,118,123,191,127,128,129,130,133,134,135,138,140,192,141,142,143,146,153,154,155,156,157,162,190,166,170,171,173,177,178,179,180,181,182,185],"class_list":{"0":"post-115","1":"product","2":"type-product","3":"status-publish","4":"has-post-thumbnail","6":"product_cat-regions","7":"product_tag-austria","8":"product_tag-belgium","9":"product_tag-bulgaria","10":"product_tag-canary-islands","11":"product_tag-croatia","12":"product_tag-cyprus","13":"product_tag-czech-republic","14":"product_tag-denmark","15":"product_tag-estonia","16":"product_tag-finland","17":"product_tag-france","18":"product_tag-germany","19":"product_tag-greece","20":"product_tag-holy-see-vatican-city-state","21":"product_tag-hungary","22":"product_tag-iceland","23":"product_tag-ireland","24":"product_tag-italy","25":"product_tag-latvia","26":"product_tag-liechtenstein","27":"product_tag-lithuania","28":"product_tag-luxembourg","29":"product_tag-malta","30":"product_tag-netherlands","31":"product_tag-northern-cyprus","32":"product_tag-norway","33":"product_tag-poland","34":"product_tag-portugal","35":"product_tag-romania","36":"product_tag-slovakia","37":"product_tag-slovenia","38":"product_tag-spain","39":"product_tag-sweden","40":"product_tag-switzerland","41":"product_tag-turkey","42":"product_tag-united-kingdom","43":"desktop-align-left","44":"tablet-align-left","45":"mobile-align-left","46":"ast-product-gallery-layout-horizontal-slider","47":"ast-product-gallery-with-no-image","48":"ast-product-single-variable","49":"ast-product-tabs-layout-horizontal","51":"first","52":"instock","53":"taxable","54":"shipping-taxable","55":"purchasable","56":"product-type-variable"},"uagb_featured_image_src":{"full":["https:\/\/vkshop.cc.shopshastra.com\/wp-content\/uploads\/2024\/05\/Europe_4c735ba2d0.jpg",1600,1067,false],"thumbnail":["https:\/\/vkshop.cc.shopshastra.com\/wp-content\/uploads\/2024\/05\/Europe_4c735ba2d0-150x150.jpg",150,150,true],"medium":["https:\/\/vkshop.cc.shopshastra.com\/wp-content\/uploads\/2024\/05\/Europe_4c735ba2d0-300x200.jpg",300,200,true],"medium_large":["https:\/\/vkshop.cc.shopshastra.com\/wp-content\/uploads\/2024\/05\/Europe_4c735ba2d0-768x512.jpg",768,512,true],"large":["https:\/\/vkshop.cc.shopshastra.com\/wp-content\/uploads\/2024\/05\/Europe_4c735ba2d0-1024x683.jpg",1024,683,true],"1536x1536":["https:\/\/vkshop.cc.shopshastra.com\/wp-content\/uploads\/2024\/05\/Europe_4c735ba2d0-1536x1024.jpg",1536,1024,true],"2048x2048":["https:\/\/vkshop.cc.shopshastra.com\/wp-content\/uploads\/2024\/05\/Europe_4c735ba2d0.jpg",1600,1067,false],"woocommerce_thumbnail":["https:\/\/vkshop.cc.shopshastra.com\/wp-content\/uploads\/2024\/05\/Europe_4c735ba2d0-300x200.jpg",300,200,true],"woocommerce_single":["https:\/\/vkshop.cc.shopshastra.com\/wp-content\/uploads\/2024\/05\/Europe_4c735ba2d0-600x400.jpg",600,400,true],"woocommerce_gallery_thumbnail":["https:\/\/vkshop.cc.shopshastra.com\/wp-content\/uploads\/2024\/05\/Europe_4c735ba2d0-100x100.jpg",100,100,true]},"uagb_author_info":{"display_name":"techdesk","author_link":"https:\/\/vkshop.cc.shopshastra.com\/fr\/author\/"},"uagb_comment_info":0,"uagb_excerpt":"Buy a TSIM eSIM Europe+ and be connected while you travel. Get easy installation, low prices and excellent connectivity on touchdown.Coverage: Austria, Belgium, Bulgaria, Switzerland, Cyprus, Northern Cyprus, Czech Republic, Germany, Denmark, Estonia, Spain, Finland, France, United Kingdom, Greece, Croatia, Hungary, Canary Islands, Ireland, Iceland, Italy, Liechtenstein, Lithuania, Luxembourg, Latvia, Malta, Netherlands, Norway, Poland, Portugal,\u2026","_links":{"self":[{"href":"https:\/\/vkshop.cc.shopshastra.com\/fr\/wp-json\/wp\/v2\/product\/115","targetHints":{"allow":["GET"]}}],"collection":[{"href":"https:\/\/vkshop.cc.shopshastra.com\/fr\/wp-json\/wp\/v2\/product"}],"about":[{"href":"https:\/\/vkshop.cc.shopshastra.com\/fr\/wp-json\/wp\/v2\/types\/product"}],"replies":[{"embeddable":true,"href":"https:\/\/vkshop.cc.shopshastra.com\/fr\/wp-json\/wp\/v2\/comments?post=115"}],"wp:featuredmedia":[{"embeddable":true,"href":"https:\/\/vkshop.cc.shopshastra.com\/fr\/wp-json\/wp\/v2\/media\/114"}],"wp:attachment":[{"href":"https:\/\/vkshop.cc.shopshastra.com\/fr\/wp-json\/wp\/v2\/media?parent=115"}],"wp:term":[{"taxonomy":"product_brand","embeddable":true,"href":"https:\/\/vkshop.cc.shopshastra.com\/fr\/wp-json\/wp\/v2\/product_brand?post=115"},{"taxonomy":"product_cat","embeddable":true,"href":"https:\/\/vkshop.cc.shopshastra.com\/fr\/wp-json\/wp\/v2\/product_cat?post=115"},{"taxonomy":"product_tag","embeddable":true,"href":"https:\/\/vkshop.cc.shopshastra.com\/fr\/wp-json\/wp\/v2\/product_tag?post=115"}],"curies":[{"name":"wp","href":"https:\/\/api.w.org\/{rel}","templated":true}]}}