{"id":2195,"date":"2024-05-29T06:55:59","date_gmt":"2024-05-29T06:55:59","guid":{"rendered":"https:\/\/vkshop.cc.shopshastra.com\/politique-de-confidentialite\/"},"modified":"2025-07-27T18:15:05","modified_gmt":"2025-07-27T18:15:05","slug":"politique-de-confidentialite","status":"publish","type":"page","link":"https:\/\/vkshop.cc.shopshastra.com\/fr\/politique-de-confidentialite\/","title":{"rendered":"Politique de confidentialit\u00e9"},"content":{"rendered":"\n<h3 class=\"wp-block-heading\">Nous respectons votre vie priv\u00e9e<\/h3>\n\n<p>Cette politique de confidentialit\u00e9 a \u00e9t\u00e9 \u00e9tablie pour mieux servir les personnes qui s&rsquo;interrogent sur l&rsquo;utilisation en ligne de leurs \u00ab informations personnelles identifiables \u00bb (IPI). Les IPI sont des informations qui peuvent \u00eatre utilis\u00e9es seules ou avec d&rsquo;autres informations pour identifier, contacter ou localiser une personne, ou pour identifier un individu dans un contexte donn\u00e9. Veuillez lire attentivement notre politique de confidentialit\u00e9 pour bien comprendre comment nous collectons, utilisons, prot\u00e9geons ou traitons vos informations personnelles identifiables conform\u00e9ment \u00e0 notre site web.  <\/p>\n\n<h5 class=\"wp-block-heading\" id=\"f1\">Quelles informations personnelles collectons-nous aupr\u00e8s des visiteurs de notre site web ?<\/h5>\n\n<p>Lors d&rsquo;une commande ou d&rsquo;une inscription sur notre site, le cas \u00e9ch\u00e9ant, il peut vous \u00eatre demand\u00e9 de saisir votre nom, votre adresse e-mail, votre adresse postale, votre num\u00e9ro de t\u00e9l\u00e9phone ou d&rsquo;autres d\u00e9tails pour am\u00e9liorer votre exp\u00e9rience.<\/p>\n\n<h5 class=\"wp-block-heading\" id=\"f2\">Quand collectons-nous des informations ?<\/h5>\n\n<p>Nous collectons des informations lorsque vous vous inscrivez sur notre site, passez une commande ou saisissez des informations sur notre site.<\/p>\n\n<h5 class=\"wp-block-heading\" id=\"f3\">Comment utilisons-nous vos informations ?<\/h5>\n\n<p>Nous pouvons utiliser les informations que nous collectons aupr\u00e8s de vous lorsque vous vous inscrivez, effectuez un achat, vous abonnez \u00e0 notre newsletter, r\u00e9pondez \u00e0 une enqu\u00eate ou une communication marketing, naviguez sur le site web ou utilisez certaines autres fonctionnalit\u00e9s du site des mani\u00e8res suivantes :<\/p>\n\n<ol class=\"wp-block-list\">\n<li>Pour mieux vous servir en r\u00e9pondant \u00e0 vos demandes de service client.<\/li>\n\n\n\n<li>Pour traiter rapidement vos transactions.<\/li>\n\n\n\n<li>Pour assurer le suivi apr\u00e8s correspondance (chat en direct, e-mail ou demandes t\u00e9l\u00e9phoniques)<\/li>\n<\/ol>\n\n<h5 class=\"wp-block-heading\" id=\"f4\">Comment prot\u00e9geons-nous les informations des visiteurs ?<\/h5>\n\n<p>Vos informations personnelles sont prot\u00e9g\u00e9es par des r\u00e9seaux s\u00e9curis\u00e9s et ne sont accessibles que par un nombre limit\u00e9 de personnes ayant des droits d&rsquo;acc\u00e8s sp\u00e9ciaux \u00e0 ces syst\u00e8mes, et qui sont tenues de pr\u00e9server la confidentialit\u00e9 des informations. De plus, toutes les informations sensibles\/de cr\u00e9dit que vous fournissez sont crypt\u00e9es via la technologie Secure Socket Layer (SSL). Nous mettons en \u0153uvre diverses mesures de s\u00e9curit\u00e9 lorsqu&rsquo;un utilisateur passe une commande pour maintenir la s\u00e9curit\u00e9 de vos informations personnelles. Toutes les transactions sont trait\u00e9es par un fournisseur de passerelle et ne sont ni stock\u00e9es ni trait\u00e9es sur nos serveurs.   <\/p>\n\n<h5 class=\"wp-block-heading\" id=\"f5\">Utilisons-nous des \u00ab cookies \u00bb ?<\/h5>\n\n<p>Oui. Les cookies sont de petits fichiers qu&rsquo;un site ou son fournisseur de services transf\u00e8re sur le disque dur de votre ordinateur via votre navigateur web (si vous l&rsquo;autorisez) et qui permettent aux syst\u00e8mes du site ou du fournisseur de services de reconna\u00eetre votre navigateur et de capturer et m\u00e9moriser certaines informations. Par exemple, nous utilisons des cookies pour cr\u00e9er votre session de connexion. Ils sont \u00e9galement utilis\u00e9s pour nous aider \u00e0 comprendre vos pr\u00e9f\u00e9rences en fonction de l&rsquo;activit\u00e9 pr\u00e9c\u00e9dente ou actuelle du site, ce qui nous permet de vous fournir des services am\u00e9lior\u00e9s. Nous utilisons \u00e9galement des cookies pour nous aider \u00e0 compiler des donn\u00e9es agr\u00e9g\u00e9es sur le trafic du site et les interactions sur le site afin que nous puissions offrir de meilleures exp\u00e9riences et outils \u00e0 l&rsquo;avenir.<br\/>Vous pouvez choisir de faire en sorte que votre ordinateur vous avertisse chaque fois qu&rsquo;un cookie est envoy\u00e9, ou vous pouvez choisir de d\u00e9sactiver tous les cookies. Vous faites cela via les param\u00e8tres de votre navigateur (comme Internet Explorer). Chaque navigateur est un peu diff\u00e9rent, consultez donc le menu d&rsquo;aide de votre navigateur pour apprendre la bonne fa\u00e7on de modifier vos cookies.      <\/p>\n\n<h5 class=\"wp-block-heading\" id=\"f6\">Si les utilisateurs d\u00e9sactivent les cookies dans leur navigateur :<\/h5>\n\n<p>Si vous d\u00e9sactivez les cookies, certaines fonctionnalit\u00e9s seront d\u00e9sactiv\u00e9es. Cela d\u00e9sactivera certaines fonctionnalit\u00e9s qui rendent votre exp\u00e9rience sur le site plus efficace et certains de nos services ne fonctionneront pas correctement. Par exemple, vous ne pourrez pas vous connecter pour g\u00e9rer vos services.  <\/p>\n\n<h5 class=\"wp-block-heading\" id=\"f7\">Divulgation \u00e0 des tiers<\/h5>\n\n<p>Nous ne vendons, n&rsquo;\u00e9changeons ni ne transf\u00e9rons pas vos informations personnelles identifiables \u00e0 des tiers sans en informer pr\u00e9alablement les utilisateurs. Cela n&rsquo;inclut pas les partenaires d&rsquo;h\u00e9bergement de sites web et autres parties qui nous aident \u00e0 exploiter notre site web, \u00e0 mener nos activit\u00e9s ou \u00e0 servir nos utilisateurs, tant que ces parties acceptent de garder ces informations confidentielles. Nous pouvons \u00e9galement divulguer des informations lorsque leur divulgation est appropri\u00e9e pour respecter la loi, appliquer les politiques de notre site ou prot\u00e9ger nos droits, notre propri\u00e9t\u00e9 ou notre s\u00e9curit\u00e9 ou ceux d&rsquo;autrui. Cependant, les informations non personnellement identifiables des visiteurs peuvent \u00eatre fournies \u00e0 d&rsquo;autres parties \u00e0 des fins de marketing, de publicit\u00e9 ou d&rsquo;autres utilisations.   <\/p>\n\n<h5 class=\"wp-block-heading\" id=\"f8\">Liens tiers<\/h5>\n\n<p>Occasionnellement, \u00e0 notre discr\u00e9tion, nous pouvons inclure ou proposer des produits ou services tiers sur notre site web. Ces sites tiers ont des politiques de confidentialit\u00e9 distinctes et ind\u00e9pendantes. Nous n&rsquo;assumons donc aucune responsabilit\u00e9 quant au contenu et aux activit\u00e9s de ces sites li\u00e9s. N\u00e9anmoins, nous cherchons \u00e0 prot\u00e9ger l&rsquo;int\u00e9grit\u00e9 de notre site et accueillons volontiers tout commentaire concernant ces sites.   <\/p>\n\n<h5 class=\"wp-block-heading\" id=\"f9\">Google<\/h5>\n\n<p>Les exigences publicitaires de Google peuvent \u00eatre r\u00e9sum\u00e9es par les principes de publicit\u00e9 de Google. Ils sont mis en place pour offrir une exp\u00e9rience positive aux utilisateurs. https:\/\/support.google.com\/adwordspolicy\/answer\/1316548?hl=en<br\/>Nous utilisons, avec des fournisseurs tiers comme Google, des cookies propri\u00e9taires (comme les cookies Google Analytics) et des cookies tiers (comme le cookie DoubleClick) ou d&rsquo;autres identifiants tiers pour compiler des donn\u00e9es concernant les interactions des utilisateurs avec les impressions publicitaires et autres fonctions de service publicitaire en relation avec notre site web.<br\/>D\u00e9sactivation : Les utilisateurs peuvent d\u00e9finir leurs pr\u00e9f\u00e9rences pour la publicit\u00e9 Google sur la page Param\u00e8tres des annonces Google. Alternativement, vous pouvez vous d\u00e9sinscrire en visitant la page de d\u00e9sactivation de Network Advertising Initiative ou en utilisant de fa\u00e7on permanente le module compl\u00e9mentaire de navigateur pour la d\u00e9sactivation de Google Analytics.   <\/p>\n\n<h5 class=\"wp-block-heading\" id=\"f10\">D\u00e9sabonnement des messages \u00e9lectroniques<\/h5>\n\n<p>Si \u00e0 tout moment vous souhaitez vous d\u00e9sabonner des futurs e-mails, vous pouvez nous envoyer un e-mail \u00e0 notre adresse e-mail et nous vous retirerons rapidement de TOUTE correspondance.<\/p>\n\n<h5 class=\"wp-block-heading\" id=\"f11\">Nous contacter<\/h5>\n\n<p>Si vous avez des questions concernant cette politique de confidentialit\u00e9, vous pouvez nous contacter par e-mail : services<img decoding=\"async\" src=\"https:\/\/www.tsim.mobi\/wp-content\/uploads\/2016\/09\/atsign.gif\" alt=\"arobase\"\/>tsim.mobi<\/p>\n","protected":false},"excerpt":{"rendered":"<p>Nous respectons votre vie priv\u00e9e Cette politique de confidentialit\u00e9 a \u00e9t\u00e9 \u00e9tablie pour mieux servir les personnes qui s&rsquo;interrogent sur [&hellip;]<\/p>\n","protected":false},"author":1,"featured_media":0,"parent":0,"menu_order":0,"comment_status":"closed","ping_status":"open","template":"","meta":{"_uag_custom_page_level_css":"","site-sidebar-layout":"default","site-content-layout":"","ast-site-content-layout":"","site-content-style":"default","site-sidebar-style":"default","ast-global-header-display":"","ast-banner-title-visibility":"","ast-main-header-display":"","ast-hfb-above-header-display":"","ast-hfb-below-header-display":"","ast-hfb-mobile-header-display":"","site-post-title":"","ast-breadcrumbs-content":"","ast-featured-img":"","footer-sml-layout":"","theme-transparent-header-meta":"","adv-header-id-meta":"","stick-header-meta":"","header-above-stick-meta":"","header-main-stick-meta":"","header-below-stick-meta":"","astra-migrate-meta-layouts":"default","ast-page-background-enabled":"default","ast-page-background-meta":{"desktop":{"background-color":"var(--ast-global-color-4)","background-image":"","background-repeat":"repeat","background-position":"center center","background-size":"auto","background-attachment":"scroll","background-type":"","background-media":"","overlay-type":"","overlay-color":"","overlay-opacity":"","overlay-gradient":""},"tablet":{"background-color":"","background-image":"","background-repeat":"repeat","background-position":"center center","background-size":"auto","background-attachment":"scroll","background-type":"","background-media":"","overlay-type":"","overlay-color":"","overlay-opacity":"","overlay-gradient":""},"mobile":{"background-color":"","background-image":"","background-repeat":"repeat","background-position":"center center","background-size":"auto","background-attachment":"scroll","background-type":"","background-media":"","overlay-type":"","overlay-color":"","overlay-opacity":"","overlay-gradient":""}},"ast-content-background-meta":{"desktop":{"background-color":"var(--ast-global-color-5)","background-image":"","background-repeat":"repeat","background-position":"center center","background-size":"auto","background-attachment":"scroll","background-type":"","background-media":"","overlay-type":"","overlay-color":"","overlay-opacity":"","overlay-gradient":""},"tablet":{"background-color":"var(--ast-global-color-5)","background-image":"","background-repeat":"repeat","background-position":"center center","background-size":"auto","background-attachment":"scroll","background-type":"","background-media":"","overlay-type":"","overlay-color":"","overlay-opacity":"","overlay-gradient":""},"mobile":{"background-color":"var(--ast-global-color-5)","background-image":"","background-repeat":"repeat","background-position":"center center","background-size":"auto","background-attachment":"scroll","background-type":"","background-media":"","overlay-type":"","overlay-color":"","overlay-opacity":"","overlay-gradient":""}},"footnotes":""},"class_list":["post-2195","page","type-page","status-publish","hentry"],"uagb_featured_image_src":{"full":false,"thumbnail":false,"medium":false,"medium_large":false,"large":false,"1536x1536":false,"2048x2048":false,"woocommerce_thumbnail":false,"woocommerce_single":false,"woocommerce_gallery_thumbnail":false},"uagb_author_info":{"display_name":"techdesk","author_link":"https:\/\/vkshop.cc.shopshastra.com\/fr\/author\/techdesk\/"},"uagb_comment_info":0,"uagb_excerpt":"Nous respectons votre vie priv\u00e9e Cette politique de confidentialit\u00e9 a \u00e9t\u00e9 \u00e9tablie pour mieux servir les personnes qui s&rsquo;interrogent sur [&hellip;]","_links":{"self":[{"href":"https:\/\/vkshop.cc.shopshastra.com\/fr\/wp-json\/wp\/v2\/pages\/2195","targetHints":{"allow":["GET"]}}],"collection":[{"href":"https:\/\/vkshop.cc.shopshastra.com\/fr\/wp-json\/wp\/v2\/pages"}],"about":[{"href":"https:\/\/vkshop.cc.shopshastra.com\/fr\/wp-json\/wp\/v2\/types\/page"}],"author":[{"embeddable":true,"href":"https:\/\/vkshop.cc.shopshastra.com\/fr\/wp-json\/wp\/v2\/users\/1"}],"replies":[{"embeddable":true,"href":"https:\/\/vkshop.cc.shopshastra.com\/fr\/wp-json\/wp\/v2\/comments?post=2195"}],"version-history":[{"count":1,"href":"https:\/\/vkshop.cc.shopshastra.com\/fr\/wp-json\/wp\/v2\/pages\/2195\/revisions"}],"predecessor-version":[{"id":2196,"href":"https:\/\/vkshop.cc.shopshastra.com\/fr\/wp-json\/wp\/v2\/pages\/2195\/revisions\/2196"}],"wp:attachment":[{"href":"https:\/\/vkshop.cc.shopshastra.com\/fr\/wp-json\/wp\/v2\/media?parent=2195"}],"curies":[{"name":"wp","href":"https:\/\/api.w.org\/{rel}","templated":true}]}}