{"id":2177,"date":"2024-05-30T14:52:49","date_gmt":"2024-05-30T14:52:49","guid":{"rendered":"https:\/\/vkshop.cc.shopshastra.com\/politique-de-non-demarchage\/"},"modified":"2025-07-27T18:10:34","modified_gmt":"2025-07-27T18:10:34","slug":"politique-de-non-demarchage","status":"publish","type":"page","link":"https:\/\/vkshop.cc.shopshastra.com\/fr\/politique-de-non-demarchage\/","title":{"rendered":"Politique de non-d\u00e9marchage"},"content":{"rendered":"\n<h3 class=\"wp-block-heading\">Nous respectons votre droit de ne pas \u00eatre contact\u00e9<\/h3>\n\n<p>Les consommateurs qui ne souhaitent pas \u00eatre contact\u00e9s par nos services peuvent ajouter leur nom \u00e0 notre liste interne de non-sollicitation, qui sera conserv\u00e9e pendant au moins 5 ans.<\/p>\n\n<ul class=\"wp-block-list\">\n<li>Nous nous conformerons aux lois et r\u00e9glementations et nous nous engageons \u00e0 prot\u00e9ger et \u00e0 respecter le droit \u00e0 la vie priv\u00e9e des consommateurs.<\/li>\n\n\n\n<li>Nous tiendrons un registre des noms et num\u00e9ros de t\u00e9l\u00e9phone des consommateurs qui ne souhaitent pas \u00eatre appel\u00e9s ou contact\u00e9s. Sur demande, le(s) num\u00e9ro(s) de t\u00e9l\u00e9phone des consommateurs (clients et non-clients) seront ajout\u00e9s \u00e0 la Liste interne de non-sollicitation dans les cinq (5) jours ouvrables suivant la r\u00e9ception de la demande. Ce registre sera conserv\u00e9 pendant au moins cinq (5) ans.<\/li>\n\n\n\n<li>Les consommateurs sont responsables de nous informer de tout changement de nom ou de num\u00e9ro de t\u00e9l\u00e9phone s&rsquo;ils d\u00e9m\u00e9nagent ou souhaitent ajouter un nouveau num\u00e9ro de t\u00e9l\u00e9phone \u00e0 la liste interne de non-sollicitation. En outre, les consommateurs sont responsables de nous informer s&rsquo;ils souhaitent inscrire plusieurs lignes ou num\u00e9ros de t\u00e9l\u00e9phone sur la liste de non-sollicitation.<\/li>\n\n\n\n<li>Nous ne vous enverrons pas d&rsquo;offres non sollicit\u00e9es par fax<\/li>\n\n\n\n<li>Les personnes contact\u00e9es par nos services peuvent demander une copie de cette politique. \u00c0 la r\u00e9ception de la demande, nous enverrons une copie par courrier postal ou \u00e9lectronique dans un d\u00e9lai raisonnable de trente (30) jours.<\/li>\n\n\n\n<li>Pour vous ajouter \u00e0 cette liste ou pour toute question, veuillez envoyer un e-mail \u00e0 services<img decoding=\"async\" src=\"https:\/\/www.tsim.mobi\/wp-content\/uploads\/2016\/09\/atsign.gif\" alt=\"@\"\/>tsim.mobi<\/li>\n<\/ul>\n","protected":false},"excerpt":{"rendered":"<p>Nous respectons votre droit de ne pas \u00eatre contact\u00e9 Les consommateurs qui ne souhaitent pas \u00eatre contact\u00e9s par nos services [&hellip;]<\/p>\n","protected":false},"author":1,"featured_media":0,"parent":0,"menu_order":0,"comment_status":"closed","ping_status":"closed","template":"","meta":{"_uag_custom_page_level_css":"","site-sidebar-layout":"default","site-content-layout":"","ast-site-content-layout":"","site-content-style":"default","site-sidebar-style":"default","ast-global-header-display":"","ast-banner-title-visibility":"","ast-main-header-display":"","ast-hfb-above-header-display":"","ast-hfb-below-header-display":"","ast-hfb-mobile-header-display":"","site-post-title":"","ast-breadcrumbs-content":"","ast-featured-img":"","footer-sml-layout":"","theme-transparent-header-meta":"","adv-header-id-meta":"","stick-header-meta":"","header-above-stick-meta":"","header-main-stick-meta":"","header-below-stick-meta":"","astra-migrate-meta-layouts":"default","ast-page-background-enabled":"default","ast-page-background-meta":{"desktop":{"background-color":"var(--ast-global-color-4)","background-image":"","background-repeat":"repeat","background-position":"center center","background-size":"auto","background-attachment":"scroll","background-type":"","background-media":"","overlay-type":"","overlay-color":"","overlay-opacity":"","overlay-gradient":""},"tablet":{"background-color":"","background-image":"","background-repeat":"repeat","background-position":"center center","background-size":"auto","background-attachment":"scroll","background-type":"","background-media":"","overlay-type":"","overlay-color":"","overlay-opacity":"","overlay-gradient":""},"mobile":{"background-color":"","background-image":"","background-repeat":"repeat","background-position":"center center","background-size":"auto","background-attachment":"scroll","background-type":"","background-media":"","overlay-type":"","overlay-color":"","overlay-opacity":"","overlay-gradient":""}},"ast-content-background-meta":{"desktop":{"background-color":"var(--ast-global-color-5)","background-image":"","background-repeat":"repeat","background-position":"center center","background-size":"auto","background-attachment":"scroll","background-type":"","background-media":"","overlay-type":"","overlay-color":"","overlay-opacity":"","overlay-gradient":""},"tablet":{"background-color":"var(--ast-global-color-5)","background-image":"","background-repeat":"repeat","background-position":"center center","background-size":"auto","background-attachment":"scroll","background-type":"","background-media":"","overlay-type":"","overlay-color":"","overlay-opacity":"","overlay-gradient":""},"mobile":{"background-color":"var(--ast-global-color-5)","background-image":"","background-repeat":"repeat","background-position":"center center","background-size":"auto","background-attachment":"scroll","background-type":"","background-media":"","overlay-type":"","overlay-color":"","overlay-opacity":"","overlay-gradient":""}},"footnotes":""},"class_list":["post-2177","page","type-page","status-publish","hentry"],"uagb_featured_image_src":{"full":false,"thumbnail":false,"medium":false,"medium_large":false,"large":false,"1536x1536":false,"2048x2048":false,"woocommerce_thumbnail":false,"woocommerce_single":false,"woocommerce_gallery_thumbnail":false},"uagb_author_info":{"display_name":"techdesk","author_link":"https:\/\/vkshop.cc.shopshastra.com\/fr\/author\/techdesk\/"},"uagb_comment_info":0,"uagb_excerpt":"Nous respectons votre droit de ne pas \u00eatre contact\u00e9 Les consommateurs qui ne souhaitent pas \u00eatre contact\u00e9s par nos services [&hellip;]","_links":{"self":[{"href":"https:\/\/vkshop.cc.shopshastra.com\/fr\/wp-json\/wp\/v2\/pages\/2177","targetHints":{"allow":["GET"]}}],"collection":[{"href":"https:\/\/vkshop.cc.shopshastra.com\/fr\/wp-json\/wp\/v2\/pages"}],"about":[{"href":"https:\/\/vkshop.cc.shopshastra.com\/fr\/wp-json\/wp\/v2\/types\/page"}],"author":[{"embeddable":true,"href":"https:\/\/vkshop.cc.shopshastra.com\/fr\/wp-json\/wp\/v2\/users\/1"}],"replies":[{"embeddable":true,"href":"https:\/\/vkshop.cc.shopshastra.com\/fr\/wp-json\/wp\/v2\/comments?post=2177"}],"version-history":[{"count":1,"href":"https:\/\/vkshop.cc.shopshastra.com\/fr\/wp-json\/wp\/v2\/pages\/2177\/revisions"}],"predecessor-version":[{"id":2178,"href":"https:\/\/vkshop.cc.shopshastra.com\/fr\/wp-json\/wp\/v2\/pages\/2177\/revisions\/2178"}],"wp:attachment":[{"href":"https:\/\/vkshop.cc.shopshastra.com\/fr\/wp-json\/wp\/v2\/media?parent=2177"}],"curies":[{"name":"wp","href":"https:\/\/api.w.org\/{rel}","templated":true}]}}