{"id":2137,"date":"2024-05-30T15:13:44","date_gmt":"2024-05-30T15:13:44","guid":{"rendered":"https:\/\/vkshop.cc.shopshastra.com\/chattez-avec-nous\/"},"modified":"2025-07-27T18:09:46","modified_gmt":"2025-07-27T18:09:46","slug":"chattez-avec-nous","status":"publish","type":"page","link":"https:\/\/vkshop.cc.shopshastra.com\/fr\/chattez-avec-nous\/","title":{"rendered":"Chattez avec nous !"},"content":{"rendered":"\n<p>Cliquez sur la bo\u00eete de discussion sur cette page pour obtenir des r\u00e9ponses instantan\u00e9es \u00e0 vos questions !<\/p>\n\n<h4 class=\"wp-block-heading\" id=\"link_count\">Vous recherchez une v\u00e9rification de compatibilit\u00e9 t\u00e9l\u00e9phonique ?<\/h4>\n\n<p id=\"link_count\"><a href=\"https:\/\/prepaid.t-mobile.com\/bring-your-own-device?allowEdit=true\" target=\"_blank\" rel=\"noreferrer noopener\">Cliquez ici pour le libre-service<\/a> ou sur la bo\u00eete de discussion pour obtenir l&rsquo;aide de notre service d&rsquo;assistance<\/p>\n\n<p>[  ]<\/p>\n","protected":false},"excerpt":{"rendered":"<p>Cliquez sur la bo\u00eete de discussion sur cette page pour obtenir des r\u00e9ponses instantan\u00e9es \u00e0 vos questions ! Vous recherchez [&hellip;]<\/p>\n","protected":false},"author":1,"featured_media":0,"parent":0,"menu_order":0,"comment_status":"closed","ping_status":"closed","template":"","meta":{"_uag_custom_page_level_css":"","site-sidebar-layout":"default","site-content-layout":"","ast-site-content-layout":"","site-content-style":"default","site-sidebar-style":"default","ast-global-header-display":"","ast-banner-title-visibility":"","ast-main-header-display":"","ast-hfb-above-header-display":"","ast-hfb-below-header-display":"","ast-hfb-mobile-header-display":"","site-post-title":"","ast-breadcrumbs-content":"","ast-featured-img":"","footer-sml-layout":"","theme-transparent-header-meta":"","adv-header-id-meta":"","stick-header-meta":"","header-above-stick-meta":"","header-main-stick-meta":"","header-below-stick-meta":"","astra-migrate-meta-layouts":"default","ast-page-background-enabled":"default","ast-page-background-meta":{"desktop":{"background-color":"var(--ast-global-color-4)","background-image":"","background-repeat":"repeat","background-position":"center center","background-size":"auto","background-attachment":"scroll","background-type":"","background-media":"","overlay-type":"","overlay-color":"","overlay-opacity":"","overlay-gradient":""},"tablet":{"background-color":"","background-image":"","background-repeat":"repeat","background-position":"center center","background-size":"auto","background-attachment":"scroll","background-type":"","background-media":"","overlay-type":"","overlay-color":"","overlay-opacity":"","overlay-gradient":""},"mobile":{"background-color":"","background-image":"","background-repeat":"repeat","background-position":"center center","background-size":"auto","background-attachment":"scroll","background-type":"","background-media":"","overlay-type":"","overlay-color":"","overlay-opacity":"","overlay-gradient":""}},"ast-content-background-meta":{"desktop":{"background-color":"var(--ast-global-color-5)","background-image":"","background-repeat":"repeat","background-position":"center center","background-size":"auto","background-attachment":"scroll","background-type":"","background-media":"","overlay-type":"","overlay-color":"","overlay-opacity":"","overlay-gradient":""},"tablet":{"background-color":"var(--ast-global-color-5)","background-image":"","background-repeat":"repeat","background-position":"center center","background-size":"auto","background-attachment":"scroll","background-type":"","background-media":"","overlay-type":"","overlay-color":"","overlay-opacity":"","overlay-gradient":""},"mobile":{"background-color":"var(--ast-global-color-5)","background-image":"","background-repeat":"repeat","background-position":"center center","background-size":"auto","background-attachment":"scroll","background-type":"","background-media":"","overlay-type":"","overlay-color":"","overlay-opacity":"","overlay-gradient":""}},"footnotes":""},"class_list":["post-2137","page","type-page","status-publish","hentry"],"uagb_featured_image_src":{"full":false,"thumbnail":false,"medium":false,"medium_large":false,"large":false,"1536x1536":false,"2048x2048":false,"woocommerce_thumbnail":false,"woocommerce_single":false,"woocommerce_gallery_thumbnail":false},"uagb_author_info":{"display_name":"techdesk","author_link":"https:\/\/vkshop.cc.shopshastra.com\/fr\/author\/techdesk\/"},"uagb_comment_info":0,"uagb_excerpt":"Cliquez sur la bo\u00eete de discussion sur cette page pour obtenir des r\u00e9ponses instantan\u00e9es \u00e0 vos questions ! Vous recherchez [&hellip;]","_links":{"self":[{"href":"https:\/\/vkshop.cc.shopshastra.com\/fr\/wp-json\/wp\/v2\/pages\/2137","targetHints":{"allow":["GET"]}}],"collection":[{"href":"https:\/\/vkshop.cc.shopshastra.com\/fr\/wp-json\/wp\/v2\/pages"}],"about":[{"href":"https:\/\/vkshop.cc.shopshastra.com\/fr\/wp-json\/wp\/v2\/types\/page"}],"author":[{"embeddable":true,"href":"https:\/\/vkshop.cc.shopshastra.com\/fr\/wp-json\/wp\/v2\/users\/1"}],"replies":[{"embeddable":true,"href":"https:\/\/vkshop.cc.shopshastra.com\/fr\/wp-json\/wp\/v2\/comments?post=2137"}],"version-history":[{"count":1,"href":"https:\/\/vkshop.cc.shopshastra.com\/fr\/wp-json\/wp\/v2\/pages\/2137\/revisions"}],"predecessor-version":[{"id":2138,"href":"https:\/\/vkshop.cc.shopshastra.com\/fr\/wp-json\/wp\/v2\/pages\/2137\/revisions\/2138"}],"wp:attachment":[{"href":"https:\/\/vkshop.cc.shopshastra.com\/fr\/wp-json\/wp\/v2\/media?parent=2137"}],"curies":[{"name":"wp","href":"https:\/\/api.w.org\/{rel}","templated":true}]}}